{"id":140,"date":"2024-12-27T12:03:12","date_gmt":"2024-12-27T12:03:12","guid":{"rendered":"https:\/\/clanyeco.vamtam.com\/?page_id=140"},"modified":"2025-12-28T21:42:00","modified_gmt":"2025-12-28T20:42:00","slug":"wycen-sprzatanie","status":"publish","type":"page","link":"https:\/\/pinkglove.pl\/index.php\/wycen-sprzatanie\/","title":{"rendered":"Wyce\u0144 sprzatanie"},"content":{"rendered":"\t\t<div data-elementor-type=\"wp-page\" data-elementor-id=\"140\" class=\"elementor elementor-140\" data-elementor-post-type=\"page\">\n\t\t\t\t<div class=\"elementor-element elementor-element-81cd6de animated-fast e-flex e-con-boxed e-con e-parent\" data-id=\"81cd6de\" data-element_type=\"container\" data-settings=\"{&quot;animation&quot;:&quot;none&quot;}\">\n\t\t\t\t\t<div class=\"e-con-inner\">\n\t\t<div class=\"elementor-element elementor-element-8cc531c e-con-full e-flex e-con e-child\" data-id=\"8cc531c\" data-element_type=\"container\" data-settings=\"{&quot;background_background&quot;:&quot;classic&quot;}\">\n\t\t\t\t<div class=\"elementor-element elementor-element-e9dbd67 elementor-widget__width-inherit elementor-widget elementor-widget-heading\" data-id=\"e9dbd67\" data-element_type=\"widget\" data-widget_type=\"heading.default\">\n\t\t\t\t<div class=\"elementor-widget-container\">\n\t\t\t\t\t<h3 class=\"elementor-heading-title elementor-size-default\">Wyce\u0144 us\u0142ug\u0119 sprz\u0105tania<\/h3>\t\t\t\t<\/div>\n\t\t\t\t<\/div>\n\t\t<div class=\"elementor-element elementor-element-10f4e2e e-con-full e-flex e-con e-child\" data-id=\"10f4e2e\" data-element_type=\"container\">\n\t\t\t\t<div class=\"vamtam-has-theme-widget-styles elementor-element elementor-element-33d2c75 elementor-button-align-start elementor-widget__width-inherit vamtam-has-btn-hover-anim animated-fast elementor-invisible elementor-widget elementor-widget-form\" data-id=\"33d2c75\" data-element_type=\"widget\" data-settings=\"{&quot;step_next_label&quot;:&quot;Kontynuuj&quot;,&quot;step_previous_label&quot;:&quot;Wr\\u00f3\\u0107&quot;,&quot;step_type&quot;:&quot;number&quot;,&quot;_animation&quot;:&quot;fadeIn&quot;,&quot;_animation_delay&quot;:150,&quot;step_icon_shape&quot;:&quot;circle&quot;}\" data-widget_type=\"form.default\">\n\t\t\t\t<div class=\"elementor-widget-container\">\n\t\t\t\t\t\t\t<form class=\"elementor-form\" method=\"post\" name=\"Free Quote Booking Form \" aria-label=\"Free Quote Booking Form \">\n\t\t\t<input type=\"hidden\" name=\"post_id\" value=\"140\"\/>\n\t\t\t<input type=\"hidden\" name=\"form_id\" value=\"33d2c75\"\/>\n\t\t\t<input type=\"hidden\" name=\"referer_title\" value=\"\" \/>\n\n\t\t\t\n\t\t\t<div class=\"elementor-form-fields-wrapper elementor-labels-above\">\n\t\t\t\t\t\t\t\t<div class=\"elementor-field-type-step elementor-field-group elementor-column elementor-field-group-field_bdd417d elementor-col-100\">\n\t\t\t\t\t\t\t<div class=\"e-field-step elementor-hidden\" data-label=\"Step 1\" data-previousButton=\"\" data-nextButton=\"\" data-iconUrl=\"\" data-iconLibrary=\"fas fa-star\" data-icon=\"\" ><\/div>\n\n\t\t\t\t\t\t<\/div>\n\t\t\t\t\t\t\t\t<div class=\"elementor-field-type-html elementor-field-group elementor-column elementor-field-group-field_fef8009 elementor-col-100\">\n\t\t\t\t\tPodaj nam kilka informacji, aby\u015bmy mogli dok\u0142adnie wyceni\u0107 zlecenie\t\t\t\t<\/div>\n\t\t\t\t\t\t\t\t<div class=\"elementor-field-type-select elementor-field-group elementor-column elementor-field-group-service_booking_form elementor-col-50 elementor-field-required\">\n\t\t\t\t\t\t\t\t\t\t\t\t<label for=\"form-field-service_booking_form\" class=\"elementor-field-label\">\n\t\t\t\t\t\t\t\tUs\u0142uga\t\t\t\t\t\t\t<\/label>\n\t\t\t\t\t\t\t\t<div class=\"elementor-field elementor-select-wrapper remove-before \">\n\t\t\t<div class=\"select-caret-down-wrapper\">\n\t\t\t\t<i aria-hidden=\"true\" class=\"eicon-caret-down\"><\/i>\t\t\t<\/div>\n\t\t\t<select name=\"form_fields[service_booking_form]\" id=\"form-field-service_booking_form\" class=\"elementor-field-textual elementor-size-sm\" required=\"required\">\n\t\t\t\t\t\t\t\t\t<option value=\"\">Wybierz us\u0142ug\u0119 <\/option>\n\t\t\t\t\t\t\t\t\t<option value=\"Sprz\u0105tanie dom lub mieszkania\">Sprz\u0105tanie dom lub mieszkania<\/option>\n\t\t\t\t\t\t\t\t\t<option value=\"Sprz\u0105tanie biura\">Sprz\u0105tanie biura<\/option>\n\t\t\t\t\t\t\t\t\t<option value=\"Sprz\u0105tanie po przeprowadzce\">Sprz\u0105tanie po przeprowadzce<\/option>\n\t\t\t\t\t\t\t\t\t<option value=\"Sprz\u0105tanie po remoncie\">Sprz\u0105tanie po remoncie<\/option>\n\t\t\t\t\t\t\t\t\t<option value=\"Sprz\u0105tanie cykliczne\">Sprz\u0105tanie cykliczne<\/option>\n\t\t\t\t\t\t\t\t\t<option value=\"Inna us\u0142uga sprz\u0105tania\">Inna us\u0142uga sprz\u0105tania<\/option>\n\t\t\t\t\t\t\t<\/select>\n\t\t<\/div>\n\t\t\t\t\t\t<\/div>\n\t\t\t\t\t\t\t\t<div class=\"elementor-field-type-select elementor-field-group elementor-column elementor-field-group-extras_booking_form elementor-col-50 elementor-field-required\">\n\t\t\t\t\t\t\t\t\t\t\t\t<label for=\"form-field-extras_booking_form\" class=\"elementor-field-label\">\n\t\t\t\t\t\t\t\tDodatkowe us\u0142ugi\t\t\t\t\t\t\t<\/label>\n\t\t\t\t\t\t\t\t<div class=\"elementor-field elementor-select-wrapper remove-before \">\n\t\t\t<div class=\"select-caret-down-wrapper\">\n\t\t\t\t<i aria-hidden=\"true\" class=\"eicon-caret-down\"><\/i>\t\t\t<\/div>\n\t\t\t<select name=\"form_fields[extras_booking_form]\" id=\"form-field-extras_booking_form\" class=\"elementor-field-textual elementor-size-sm\" required=\"required\">\n\t\t\t\t\t\t\t\t\t<option value=\"\">Wybierz <\/option>\n\t\t\t\t\t\t\t\t\t<option value=\"Brak\">Brak<\/option>\n\t\t\t\t\t\t\t\t\t<option value=\"Mycie lod\u00f3wki\/mikrofal\u00f3wki\/piekarnika\">Mycie lod\u00f3wki\/mikrofal\u00f3wki\/piekarnika<\/option>\n\t\t\t\t\t\t\t\t\t<option value=\"Mycie okien\">Mycie okien<\/option>\n\t\t\t\t\t\t\t\t\t<option value=\"Mycie naczy\u0144\">Mycie naczy\u0144<\/option>\n\t\t\t\t\t\t\t\t\t<option value=\"Sk\u0142adanie ubra\u0144\">Sk\u0142adanie ubra\u0144<\/option>\n\t\t\t\t\t\t\t\t\t<option value=\"Inne\">Inne<\/option>\n\t\t\t\t\t\t\t<\/select>\n\t\t<\/div>\n\t\t\t\t\t\t<\/div>\n\t\t\t\t\t\t\t\t<div class=\"elementor-field-type-select elementor-field-group elementor-column elementor-field-group-frequency_booking_form elementor-col-25 elementor-field-required\">\n\t\t\t\t\t\t\t\t\t\t\t\t<label for=\"form-field-frequency_booking_form\" class=\"elementor-field-label\">\n\t\t\t\t\t\t\t\tCz\u0119stotliwo\u015b\u0107\t\t\t\t\t\t\t<\/label>\n\t\t\t\t\t\t\t\t<div class=\"elementor-field elementor-select-wrapper remove-before \">\n\t\t\t<div class=\"select-caret-down-wrapper\">\n\t\t\t\t<i aria-hidden=\"true\" class=\"eicon-caret-down\"><\/i>\t\t\t<\/div>\n\t\t\t<select name=\"form_fields[frequency_booking_form]\" id=\"form-field-frequency_booking_form\" class=\"elementor-field-textual elementor-size-sm\" required=\"required\">\n\t\t\t\t\t\t\t\t\t<option value=\"\">Wybierz <\/option>\n\t\t\t\t\t\t\t\t\t<option value=\"Us\u0142uga jednorazowa\">Us\u0142uga jednorazowa<\/option>\n\t\t\t\t\t\t\t\t\t<option value=\"Co tydzie\u0144\">Co tydzie\u0144<\/option>\n\t\t\t\t\t\t\t\t\t<option value=\"Co 2 tygodnie\">Co 2 tygodnie<\/option>\n\t\t\t\t\t\t\t\t\t<option value=\"Co 3 tygodnie\">Co 3 tygodnie<\/option>\n\t\t\t\t\t\t\t\t\t<option value=\"Co 4 tygodnie\">Co 4 tygodnie<\/option>\n\t\t\t\t\t\t\t\t\t<option value=\"Inna\">Inna<\/option>\n\t\t\t\t\t\t\t<\/select>\n\t\t<\/div>\n\t\t\t\t\t\t<\/div>\n\t\t\t\t\t\t\t\t<div class=\"elementor-field-type-text elementor-field-group elementor-column elementor-field-group-area_booking_form elementor-col-25 elementor-field-required\">\n\t\t\t\t\t\t\t\t\t\t\t\t<label for=\"form-field-area_booking_form\" class=\"elementor-field-label\">\n\t\t\t\t\t\t\t\tIlo\u015b\u0107 m2\t\t\t\t\t\t\t<\/label>\n\t\t\t\t\t\t\t\t\t\t\t\t\t\t<input size=\"1\" type=\"text\" name=\"form_fields[area_booking_form]\" id=\"form-field-area_booking_form\" class=\"elementor-field elementor-size-sm  elementor-field-textual\" placeholder=\"np. 60m2\" required=\"required\">\n\t\t\t\t\t\t\t\t\t\t\t<\/div>\n\t\t\t\t\t\t\t\t<div class=\"elementor-field-type-date elementor-field-group elementor-column elementor-field-group-date_booking_form elementor-col-50 elementor-field-required\">\n\t\t\t\t\t\t\t\t\t\t\t\t<label for=\"form-field-date_booking_form\" class=\"elementor-field-label\">\n\t\t\t\t\t\t\t\tData\t\t\t\t\t\t\t<\/label>\n\t\t\t\t\t\t\n\t\t<input type=\"date\" name=\"form_fields[date_booking_form]\" id=\"form-field-date_booking_form\" class=\"elementor-field elementor-size-sm  elementor-field-textual elementor-date-field\" placeholder=\"Data\" value=\"2024-12-27\" required=\"required\" pattern=\"[0-9]{4}-[0-9]{2}-[0-9]{2}\">\n\t\t\t\t\t\t<\/div>\n\t\t\t\t\t\t\t\t<div class=\"elementor-field-type-step elementor-field-group elementor-column elementor-field-group-field_9b59529 elementor-col-100\">\n\t\t\t\t\t\t\t<div class=\"e-field-step elementor-hidden\" data-label=\"Step 2\" data-previousButton=\"\" data-nextButton=\"\" data-iconUrl=\"\" data-iconLibrary=\"fas fa-star\" data-icon=\"\" ><\/div>\n\n\t\t\t\t\t\t<\/div>\n\t\t\t\t\t\t\t\t<div class=\"elementor-field-type-html elementor-field-group elementor-column elementor-field-group-field_9122b28 elementor-col-100\">\n\t\t\t\t\tDane kontaktowe\t\t\t\t<\/div>\n\t\t\t\t\t\t\t\t<div class=\"elementor-field-type-text elementor-field-group elementor-column elementor-field-group-name_booking_form elementor-col-50 elementor-field-required\">\n\t\t\t\t\t\t\t\t\t\t\t\t<label for=\"form-field-name_booking_form\" class=\"elementor-field-label\">\n\t\t\t\t\t\t\t\tImi\u0119 i Nazwisko:\t\t\t\t\t\t\t<\/label>\n\t\t\t\t\t\t\t\t\t\t\t\t\t\t<input size=\"1\" type=\"text\" name=\"form_fields[name_booking_form]\" id=\"form-field-name_booking_form\" class=\"elementor-field elementor-size-sm  elementor-field-textual\" placeholder=\"Jan Kowalski\" required=\"required\">\n\t\t\t\t\t\t\t\t\t\t\t<\/div>\n\t\t\t\t\t\t\t\t<div class=\"elementor-field-type-tel elementor-field-group elementor-column elementor-field-group-tel_booking_form elementor-col-50 elementor-field-required\">\n\t\t\t\t\t\t\t\t\t\t\t\t<label for=\"form-field-tel_booking_form\" class=\"elementor-field-label\">\n\t\t\t\t\t\t\t\tNumer telefonu:\t\t\t\t\t\t\t<\/label>\n\t\t\t\t\t\t\t\t<input size=\"1\" type=\"tel\" name=\"form_fields[tel_booking_form]\" id=\"form-field-tel_booking_form\" class=\"elementor-field elementor-size-sm  elementor-field-textual\" placeholder=\"np. 721 888 999\" required=\"required\" pattern=\"[0-9()#&amp;+*-=.]+\" title=\"Akceptowane s\u0105 jedynie cyfry i znaki telefoniczne (#,-,*).\">\n\n\t\t\t\t\t\t<\/div>\n\t\t\t\t\t\t\t\t<div class=\"elementor-field-type-email elementor-field-group elementor-column elementor-field-group-email_booking_form elementor-col-50 elementor-field-required\">\n\t\t\t\t\t\t\t\t\t\t\t\t<label for=\"form-field-email_booking_form\" class=\"elementor-field-label\">\n\t\t\t\t\t\t\t\tTw\u00f3j e-mail:\t\t\t\t\t\t\t<\/label>\n\t\t\t\t\t\t\t\t\t\t\t\t\t\t<input size=\"1\" type=\"email\" name=\"form_fields[email_booking_form]\" id=\"form-field-email_booking_form\" class=\"elementor-field elementor-size-sm  elementor-field-textual\" placeholder=\"np jankowalski@gmail.com\" required=\"required\">\n\t\t\t\t\t\t\t\t\t\t\t<\/div>\n\t\t\t\t\t\t\t\t<div class=\"elementor-field-type-text elementor-field-group elementor-column elementor-field-group-street_booking_form elementor-col-50 elementor-field-required\">\n\t\t\t\t\t\t\t\t\t\t\t\t<label for=\"form-field-street_booking_form\" class=\"elementor-field-label\">\n\t\t\t\t\t\t\t\tAdres zlecenia:\t\t\t\t\t\t\t<\/label>\n\t\t\t\t\t\t\t\t\t\t\t\t\t\t<input size=\"1\" type=\"text\" name=\"form_fields[street_booking_form]\" id=\"form-field-street_booking_form\" class=\"elementor-field elementor-size-sm  elementor-field-textual\" placeholder=\"np. ul. Brzozowa 12\" required=\"required\">\n\t\t\t\t\t\t\t\t\t\t\t<\/div>\n\t\t\t\t\t\t\t\t<div class=\"elementor-field-type-text elementor-field-group elementor-column elementor-field-group-city_booking_form elementor-col-50 elementor-field-required\">\n\t\t\t\t\t\t\t\t\t\t\t\t<label for=\"form-field-city_booking_form\" class=\"elementor-field-label\">\n\t\t\t\t\t\t\t\tMiasto:\t\t\t\t\t\t\t<\/label>\n\t\t\t\t\t\t\t\t\t\t\t\t\t\t<input size=\"1\" type=\"text\" name=\"form_fields[city_booking_form]\" id=\"form-field-city_booking_form\" class=\"elementor-field elementor-size-sm  elementor-field-textual\" placeholder=\"np. Leszno\" required=\"required\">\n\t\t\t\t\t\t\t\t\t\t\t<\/div>\n\t\t\t\t\t\t\t\t<div class=\"elementor-field-type-text elementor-field-group elementor-column elementor-field-group-zip_code_booking_form elementor-col-25 elementor-field-required\">\n\t\t\t\t\t\t\t\t\t\t\t\t<label for=\"form-field-zip_code_booking_form\" class=\"elementor-field-label\">\n\t\t\t\t\t\t\t\tKod pocztowy:\t\t\t\t\t\t\t<\/label>\n\t\t\t\t\t\t\t\t\t\t\t\t\t\t<input size=\"1\" type=\"text\" name=\"form_fields[zip_code_booking_form]\" id=\"form-field-zip_code_booking_form\" class=\"elementor-field elementor-size-sm  elementor-field-textual\" placeholder=\"np. 64-100\" required=\"required\">\n\t\t\t\t\t\t\t\t\t\t\t<\/div>\n\t\t\t\t\t\t\t\t<div class=\"elementor-field-type-step elementor-field-group elementor-column elementor-field-group-field_a18f13e elementor-col-100\">\n\t\t\t\t\t\t\t<div class=\"e-field-step elementor-hidden\" data-label=\"Step 3\" data-previousButton=\"\" data-nextButton=\"\" data-iconUrl=\"\" data-iconLibrary=\"fas fa-star\" data-icon=\"\" ><\/div>\n\n\t\t\t\t\t\t<\/div>\n\t\t\t\t\t\t\t\t<div class=\"elementor-field-type-select elementor-field-group elementor-column elementor-field-group-where_to_park_booking_form elementor-col-50 elementor-field-required\">\n\t\t\t\t\t\t\t\t\t\t\t\t<label for=\"form-field-where_to_park_booking_form\" class=\"elementor-field-label\">\n\t\t\t\t\t\t\t\tGdzie mo\u017cemy zaparkowa\u0107 ?\t\t\t\t\t\t\t<\/label>\n\t\t\t\t\t\t\t\t<div class=\"elementor-field elementor-select-wrapper remove-before \">\n\t\t\t<div class=\"select-caret-down-wrapper\">\n\t\t\t\t<i aria-hidden=\"true\" class=\"eicon-caret-down\"><\/i>\t\t\t<\/div>\n\t\t\t<select name=\"form_fields[where_to_park_booking_form]\" id=\"form-field-where_to_park_booking_form\" class=\"elementor-field-textual elementor-size-sm\" required=\"required\">\n\t\t\t\t\t\t\t\t\t<option value=\"\">Wybierz<\/option>\n\t\t\t\t\t\t\t\t\t<option value=\"Zaparkuj na moim podje\u017adzie\">Zaparkuj na moim podje\u017adzie<\/option>\n\t\t\t\t\t\t\t\t\t<option value=\"Bezp\u0142atny parking na ulicy w pobli\u017cu\">Bezp\u0142atny parking na ulicy w pobli\u017cu<\/option>\n\t\t\t\t\t\t\t\t\t<option value=\"Parking p\u0142atny (klient zobowi\u0105zany do pokrycia koszt\u00f3w)\">Parking p\u0142atny (klient zobowi\u0105zany do pokrycia koszt\u00f3w)<\/option>\n\t\t\t\t\t\t\t\t\t<option value=\"Inne\">Inne<\/option>\n\t\t\t\t\t\t\t<\/select>\n\t\t<\/div>\n\t\t\t\t\t\t<\/div>\n\t\t\t\t\t\t\t\t<div class=\"elementor-field-type-select elementor-field-group elementor-column elementor-field-group-entrance_info_booking_form elementor-col-50 elementor-field-required\">\n\t\t\t\t\t\t\t\t\t\t\t\t<label for=\"form-field-entrance_info_booking_form\" class=\"elementor-field-label\">\n\t\t\t\t\t\t\t\tJak wejdziemy do \u015brodka ?\t\t\t\t\t\t\t<\/label>\n\t\t\t\t\t\t\t\t<div class=\"elementor-field elementor-select-wrapper remove-before \">\n\t\t\t<div class=\"select-caret-down-wrapper\">\n\t\t\t\t<i aria-hidden=\"true\" class=\"eicon-caret-down\"><\/i>\t\t\t<\/div>\n\t\t\t<select name=\"form_fields[entrance_info_booking_form]\" id=\"form-field-entrance_info_booking_form\" class=\"elementor-field-textual elementor-size-sm\" required=\"required\">\n\t\t\t\t\t\t\t\t\t<option value=\"\">Wybierz <\/option>\n\t\t\t\t\t\t\t\t\t<option value=\"B\u0119d\u0119 w domu\">B\u0119d\u0119 w domu<\/option>\n\t\t\t\t\t\t\t\t\t<option value=\"Podam kod dost\u0119pu do domofonu\">Podam kod dost\u0119pu do domofonu<\/option>\n\t\t\t\t\t\t\t\t\t<option value=\"Inne \">Inne <\/option>\n\t\t\t\t\t\t\t<\/select>\n\t\t<\/div>\n\t\t\t\t\t\t<\/div>\n\t\t\t\t\t\t\t\t<div class=\"elementor-field-type-textarea elementor-field-group elementor-column elementor-field-group-message_booking_form elementor-col-100\">\n\t\t\t\t\t\t\t\t\t\t\t\t<label for=\"form-field-message_booking_form\" class=\"elementor-field-label\">\n\t\t\t\t\t\t\t\tDodatkowe informacje i uwagi:\t\t\t\t\t\t\t<\/label>\n\t\t\t\t\t\t<textarea class=\"elementor-field-textual elementor-field  elementor-size-sm\" name=\"form_fields[message_booking_form]\" id=\"form-field-message_booking_form\" rows=\"2\" placeholder=\"Wpisz dodatkowe informacje, kt\u00f3re pomog\u0105 nam w dok\u0142adnej wycenie sprz\u0105tania\"><\/textarea>\t\t\t\t<\/div>\n\t\t\t\t\t\t\t\t<div class=\"elementor-field-type-acceptance elementor-field-group elementor-column elementor-field-group-field_a549fa4 elementor-col-100\">\n\t\t\t\t\t\t\t<div class=\"elementor-field-subgroup\">\n\t\t\t<span class=\"elementor-field-option\">\n\t\t\t\t<input type=\"checkbox\" name=\"form_fields[field_a549fa4]\" id=\"form-field-field_a549fa4\" class=\"elementor-field elementor-size-sm  elementor-acceptance-field\">\n\t\t\t\t<label for=\"form-field-field_a549fa4\">Zgadzam si\u0119 na kontakt telefoniczny w celu przedstawienia oferty handlowej zgodnie z <a href=\"\/polityka prywatno\u015bci\">polityk\u0105 prywatno\u015bci.<\/a><\/label>\t\t\t<\/span>\n\t\t<\/div>\n\t\t\t\t\t\t<\/div>\n\t\t\t\t\t\t\t\t<div class=\"elementor-field-group elementor-column elementor-field-type-submit elementor-col-100 e-form__buttons\">\n\t\t\t\t\t<button class=\"elementor-button elementor-size-sm\" type=\"submit\">\n\t\t\t\t\t\t<span class=\"elementor-button-content-wrapper\">\n\t\t\t\t\t\t\t\t\t\t\t\t\t\t\t\t\t\t\t\t\t\t<span class=\"elementor-button-text\">Wy\u015blij<\/span>\n\t\t\t\t\t\t\t\t\t\t\t\t\t<\/span>\n\t\t\t\t\t<\/button>\n\t\t\t\t<\/div>\n\t\t\t<\/div>\n\t\t<\/form>\n\t\t\t\t\t\t<\/div>\n\t\t\t\t<\/div>\n\t\t\t\t<\/div>\n\t\t<div class=\"elementor-element elementor-element-7c399ab e-con-full e-flex e-con e-child\" data-id=\"7c399ab\" data-element_type=\"container\">\n\t\t<div class=\"elementor-element elementor-element-f08a3f7 e-con-full vamtam-has-theme-cp vamtam-cp-top-left mask-bottom e-flex e-con e-child\" data-id=\"f08a3f7\" data-element_type=\"container\" data-settings=\"{&quot;background_background&quot;:&quot;classic&quot;}\">\n\t\t\t\t<\/div>\n\t\t\t\t<\/div>\n\t\t\t\t<\/div>\n\t\t\t\t\t<\/div>\n\t\t\t\t<\/div>\n\t\t\t\t<\/div>\n\t\t","protected":false},"excerpt":{"rendered":"<p>Get a Free Estimate<\/p>\n","protected":false},"author":1,"featured_media":0,"parent":0,"menu_order":0,"comment_status":"closed","ping_status":"closed","template":"","meta":{"footnotes":""},"class_list":["post-140","page","type-page","status-publish","hentry"],"_links":{"self":[{"href":"https:\/\/pinkglove.pl\/index.php\/wp-json\/wp\/v2\/pages\/140","targetHints":{"allow":["GET"]}}],"collection":[{"href":"https:\/\/pinkglove.pl\/index.php\/wp-json\/wp\/v2\/pages"}],"about":[{"href":"https:\/\/pinkglove.pl\/index.php\/wp-json\/wp\/v2\/types\/page"}],"author":[{"embeddable":true,"href":"https:\/\/pinkglove.pl\/index.php\/wp-json\/wp\/v2\/users\/1"}],"replies":[{"embeddable":true,"href":"https:\/\/pinkglove.pl\/index.php\/wp-json\/wp\/v2\/comments?post=140"}],"version-history":[{"count":88,"href":"https:\/\/pinkglove.pl\/index.php\/wp-json\/wp\/v2\/pages\/140\/revisions"}],"predecessor-version":[{"id":988301,"href":"https:\/\/pinkglove.pl\/index.php\/wp-json\/wp\/v2\/pages\/140\/revisions\/988301"}],"wp:attachment":[{"href":"https:\/\/pinkglove.pl\/index.php\/wp-json\/wp\/v2\/media?parent=140"}],"curies":[{"name":"wp","href":"https:\/\/api.w.org\/{rel}","templated":true}]}}